{"id":3259,"date":"2020-03-19T14:30:39","date_gmt":"2020-03-19T13:30:39","guid":{"rendered":"https:\/\/www.thalesitlab.ch\/ateliersrhone\/presentation-generale\/"},"modified":"2020-09-07T11:01:48","modified_gmt":"2020-09-07T09:01:48","slug":"ueber-uns","status":"publish","type":"page","link":"https:\/\/www.ateliers-rhone.ch\/de\/ueber-uns\/","title":{"rendered":"\u00dcber uns"},"content":{"rendered":"<div id=\"modal-ready\"><p>[vc_row equal_height=&#8220;yes&#8220; content_placement=&#8220;middle&#8220; container=&#8220;1&#8243; el_class=&#8220;row-video-text&#8220;][vc_column]<div class=\"section-counter\"><div class=\"counter-summary clearfix\">\r\n\t<div class=\"counter-txt col-md-12 epd-x-r\">\r\n\t\t<h2 class=\"counter-heading fw-3\">Historique<\/h2>\r\n\t\t<p class=\"counter-text fw-3 c-7\">Les Ateliers du Rh\u00f4ne ont \u00e9t\u00e9 fond\u00e9s en 1967, \u00e0 l'initiative et avec la collaboration de l'Alusuisse.<br \/>\nC'\u00e9tait l'\u00e9poque glorieuse et florissante du g\u00e9ant europ\u00e9en de l'aluminium qui - depuis - a connu moult changements de propri\u00e9taires et de noms... Constitu\u00e9s juridiquement en Fondation, inscrits au Registre du Commerce du Canton du Valais, les Ateliers du Rh\u00f4ne ont officiellement d\u00e9but\u00e9 leurs activit\u00e9s en 1968.<br \/>\nCette structure originelle a parfaitement ``surv\u00e9cu`` aux bouleversements intervenus au sein de l'entreprise-m\u00e8re, poursuivant son propre d\u00e9veloppement d'une mani\u00e8re r\u00e9jouissante. Un d\u00e9veloppement spectaculaire, constant, mais ma\u00eetris\u00e9. Mieux: en 2008, les Ateliers deviennent m\u00eame totalement ind\u00e9pendants.<\/p>\r\n\t<\/div>\r\n<\/div><\/div>\t\r\n[\/vc_column][\/vc_row][vc_row equal_height=&#8220;yes&#8220; content_placement=&#8220;middle&#8220; container=&#8220;1&#8243; el_class=&#8220;row-video-text&#8220;][vc_column width=&#8220;1\/2&#8243;]<div class=\"section-counter\"><div class=\"counter-summary clearfix\">\r\n\t<div class=\"counter-txt col-md-12 epd-x-r\">\r\n\t\t<h2 class=\"counter-heading fw-3\">Encadrement<\/h2>\r\n\t\t<p class=\"counter-text fw-3 c-7\">Sous la f\u00e9rule d'un Conseil de Fondation compos\u00e9 de 7 personnes les Ateliers du Rh\u00f4ne sont dirig\u00e9s depuis mai 2011 par Christophe Bilgischer. Economiste de formation avec une sp\u00e9cialisation comptable, il a d\u00e9but\u00e9 son travail au sein des Ateliers du Rh\u00f4ne au poste de responsable administratif depuis avril 2009.<\/p>\n<p>Il continue dans la voie trac\u00e9e depuis 4 d\u00e9cennies en accordant une importance essentielle \u00e0 l'encadrement et \u00e0 l'\u00e9panouissement priv\u00e9 et professionnel de ses ressources humaines. Cinq collaborateurs comp\u00e9tents, qualifi\u00e9s et enthousiastes font ainsi partie int\u00e9grante du personnel d'accompagnement.<\/p>\r\n\t<\/div>\r\n<\/div><\/div>\t\r\n[\/vc_column][vc_column width=&#8220;1\/2&#8243; css=&#8220;.vc_custom_1585045859011{margin-top: 120px !important;}&#8220;]    <!--Featured Images Section-->\r\n<div class=\"pad_ga counter-gallery epd-x-l\">\r\n\t<div class=\"row mb-10\">\r\n\t\t<div class=\"col-xs-6 cg-item\">\r\n\t\t\t<img src=\"https:\/\/www.ateliers-rhone.ch\/wp-content\/uploads\/2020\/09\/enc_9.jpg\" alt=\"Image\">\r\n\t\t<\/div>\r\n\t\t<div class=\"col-xs-6 cg-item\">\r\n\t\t\t<img src=\"https:\/\/www.ateliers-rhone.ch\/wp-content\/uploads\/2020\/09\/enc_10.jpg\" alt=\"Image\">\r\n\t\t<\/div>\r\n\t<\/div>\r\n\t<div class=\"row\">\r\n\t\t<div class=\"col-xs-6 cg-item\">\r\n\t\t\t<img src=\"https:\/\/www.ateliers-rhone.ch\/wp-content\/uploads\/2020\/09\/enc_8.jpg\" alt=\"Image\">\r\n\t\t<\/div>\r\n\t\t<div class=\"col-xs-6 cg-item\">\r\n\t\t\t<img src=\"https:\/\/www.ateliers-rhone.ch\/wp-content\/uploads\/2020\/09\/enc_11.jpg\" alt=\"Image\">\r\n\t\t<\/div>\r\n\t<\/div>\r\n<\/div>\r\n[\/vc_column][\/vc_row][vc_row container=&#8220;1&#8243; el_class=&#8220;row-column-images&#8220;][vc_column width=&#8220;1\/2&#8243;][vc_single_image image=&#8220;4046&#8243; img_size=&#8220;full&#8220;][\/vc_column][vc_column width=&#8220;1\/2&#8243;][vc_single_image image=&#8220;4047&#8243; img_size=&#8220;full&#8220;][\/vc_column][\/vc_row]<\/p>\n<\/div>","protected":false},"excerpt":{"rendered":"<p>[vc_row equal_height=&#8220;yes&#8220; content_placement=&#8220;middle&#8220; container=&#8220;1&#8243; el_class=&#8220;row-video-text&#8220;][vc_column][\/vc_column][\/vc_row][vc_row equal_height=&#8220;yes&#8220; content_placement=&#8220;middle&#8220; container=&#8220;1&#8243; el_class=&#8220;row-video-text&#8220;][vc_column width=&#8220;1\/2&#8243;][\/vc_column][vc_column width=&#8220;1\/2&#8243; css=&#8220;.vc_custom_1585045859011{margin-top: 120px !important;}&#8220;][\/vc_column][\/vc_row][vc_row container=&#8220;1&#8243; el_class=&#8220;row-column-images&#8220;][vc_column width=&#8220;1\/2&#8243;][vc_single_image image=&#8220;4046&#8243; img_size=&#8220;full&#8220;][\/vc_column][vc_column width=&#8220;1\/2&#8243;][vc_single_image image=&#8220;4047&#8243; img_size=&#8220;full&#8220;][\/vc_column][\/vc_row]<\/p>\n","protected":false},"author":1,"featured_media":0,"parent":0,"menu_order":0,"comment_status":"closed","ping_status":"closed","template":"tpl-visual_composer.php","meta":{"footnotes":""},"yoast_head":"<!-- This site is optimized with the Yoast SEO plugin v21.7 - https:\/\/yoast.com\/wordpress\/plugins\/seo\/ -->\n<title>\u00dcber uns - Ateliers du Rh\u00f4ne<\/title>\n<meta name=\"robots\" content=\"index, follow, max-snippet:-1, max-image-preview:large, max-video-preview:-1\" \/>\n<link rel=\"canonical\" href=\"https:\/\/www.ateliers-rhone.ch\/de\/ueber-uns\/\" \/>\n<meta property=\"og:locale\" content=\"de_DE\" \/>\n<meta property=\"og:type\" content=\"article\" \/>\n<meta property=\"og:title\" content=\"\u00dcber uns - Ateliers du Rh\u00f4ne\" \/>\n<meta property=\"og:description\" content=\"[vc_row equal_height=&#8220;yes&#8220; content_placement=&#8220;middle&#8220; container=&#8220;1&#8243; el_class=&#8220;row-video-text&#8220;][vc_column][\/vc_column][\/vc_row][vc_row equal_height=&#8220;yes&#8220; content_placement=&#8220;middle&#8220; container=&#8220;1&#8243; el_class=&#8220;row-video-text&#8220;][vc_column width=&#8220;1\/2&#8243;][\/vc_column][vc_column width=&#8220;1\/2&#8243; css=&#8220;.vc_custom_1585045859011{margin-top: 120px !important;}&#8220;][\/vc_column][\/vc_row][vc_row container=&#8220;1&#8243; el_class=&#8220;row-column-images&#8220;][vc_column width=&#8220;1\/2&#8243;][vc_single_image image=&#8220;4046&#8243; img_size=&#8220;full&#8220;][\/vc_column][vc_column width=&#8220;1\/2&#8243;][vc_single_image image=&#8220;4047&#8243; img_size=&#8220;full&#8220;][\/vc_column][\/vc_row]\" \/>\n<meta property=\"og:url\" content=\"https:\/\/www.ateliers-rhone.ch\/de\/ueber-uns\/\" \/>\n<meta property=\"og:site_name\" content=\"Ateliers du Rh\u00f4ne\" \/>\n<meta property=\"article:modified_time\" content=\"2020-09-07T09:01:48+00:00\" \/>\n<meta name=\"twitter:card\" content=\"summary_large_image\" \/>\n<meta name=\"twitter:label1\" content=\"Gesch\u00e4tzte Lesezeit\" \/>\n\t<meta name=\"twitter:data1\" content=\"2\u00a0Minuten\" \/>\n<script type=\"application\/ld+json\" class=\"yoast-schema-graph\">{\"@context\":\"https:\/\/schema.org\",\"@graph\":[{\"@type\":\"WebPage\",\"@id\":\"https:\/\/www.ateliers-rhone.ch\/de\/ueber-uns\/\",\"url\":\"https:\/\/www.ateliers-rhone.ch\/de\/ueber-uns\/\",\"name\":\"\u00dcber uns - Ateliers du Rh\u00f4ne\",\"isPartOf\":{\"@id\":\"https:\/\/www.ateliers-rhone.ch\/#website\"},\"datePublished\":\"2020-03-19T13:30:39+00:00\",\"dateModified\":\"2020-09-07T09:01:48+00:00\",\"breadcrumb\":{\"@id\":\"https:\/\/www.ateliers-rhone.ch\/de\/ueber-uns\/#breadcrumb\"},\"inLanguage\":\"de\",\"potentialAction\":[{\"@type\":\"ReadAction\",\"target\":[\"https:\/\/www.ateliers-rhone.ch\/de\/ueber-uns\/\"]}]},{\"@type\":\"BreadcrumbList\",\"@id\":\"https:\/\/www.ateliers-rhone.ch\/de\/ueber-uns\/#breadcrumb\",\"itemListElement\":[{\"@type\":\"ListItem\",\"position\":1,\"name\":\"Home\",\"item\":\"https:\/\/www.ateliers-rhone.ch\/de\/\"},{\"@type\":\"ListItem\",\"position\":2,\"name\":\"\u00dcber uns\"}]},{\"@type\":\"WebSite\",\"@id\":\"https:\/\/www.ateliers-rhone.ch\/#website\",\"url\":\"https:\/\/www.ateliers-rhone.ch\/\",\"name\":\"Ateliers du Rh\u00f4ne\",\"description\":\"\",\"potentialAction\":[{\"@type\":\"SearchAction\",\"target\":{\"@type\":\"EntryPoint\",\"urlTemplate\":\"https:\/\/www.ateliers-rhone.ch\/?s={search_term_string}\"},\"query-input\":\"required name=search_term_string\"}],\"inLanguage\":\"de\"}]}<\/script>\n<!-- \/ Yoast SEO plugin. -->","yoast_head_json":{"title":"\u00dcber uns - Ateliers du Rh\u00f4ne","robots":{"index":"index","follow":"follow","max-snippet":"max-snippet:-1","max-image-preview":"max-image-preview:large","max-video-preview":"max-video-preview:-1"},"canonical":"https:\/\/www.ateliers-rhone.ch\/de\/ueber-uns\/","og_locale":"de_DE","og_type":"article","og_title":"\u00dcber uns - Ateliers du Rh\u00f4ne","og_description":"[vc_row equal_height=&#8220;yes&#8220; content_placement=&#8220;middle&#8220; container=&#8220;1&#8243; el_class=&#8220;row-video-text&#8220;][vc_column][\/vc_column][\/vc_row][vc_row equal_height=&#8220;yes&#8220; content_placement=&#8220;middle&#8220; container=&#8220;1&#8243; el_class=&#8220;row-video-text&#8220;][vc_column width=&#8220;1\/2&#8243;][\/vc_column][vc_column width=&#8220;1\/2&#8243; css=&#8220;.vc_custom_1585045859011{margin-top: 120px !important;}&#8220;][\/vc_column][\/vc_row][vc_row container=&#8220;1&#8243; el_class=&#8220;row-column-images&#8220;][vc_column width=&#8220;1\/2&#8243;][vc_single_image image=&#8220;4046&#8243; img_size=&#8220;full&#8220;][\/vc_column][vc_column width=&#8220;1\/2&#8243;][vc_single_image image=&#8220;4047&#8243; img_size=&#8220;full&#8220;][\/vc_column][\/vc_row]","og_url":"https:\/\/www.ateliers-rhone.ch\/de\/ueber-uns\/","og_site_name":"Ateliers du Rh\u00f4ne","article_modified_time":"2020-09-07T09:01:48+00:00","twitter_card":"summary_large_image","twitter_misc":{"Gesch\u00e4tzte Lesezeit":"2\u00a0Minuten"},"schema":{"@context":"https:\/\/schema.org","@graph":[{"@type":"WebPage","@id":"https:\/\/www.ateliers-rhone.ch\/de\/ueber-uns\/","url":"https:\/\/www.ateliers-rhone.ch\/de\/ueber-uns\/","name":"\u00dcber uns - Ateliers du Rh\u00f4ne","isPartOf":{"@id":"https:\/\/www.ateliers-rhone.ch\/#website"},"datePublished":"2020-03-19T13:30:39+00:00","dateModified":"2020-09-07T09:01:48+00:00","breadcrumb":{"@id":"https:\/\/www.ateliers-rhone.ch\/de\/ueber-uns\/#breadcrumb"},"inLanguage":"de","potentialAction":[{"@type":"ReadAction","target":["https:\/\/www.ateliers-rhone.ch\/de\/ueber-uns\/"]}]},{"@type":"BreadcrumbList","@id":"https:\/\/www.ateliers-rhone.ch\/de\/ueber-uns\/#breadcrumb","itemListElement":[{"@type":"ListItem","position":1,"name":"Home","item":"https:\/\/www.ateliers-rhone.ch\/de\/"},{"@type":"ListItem","position":2,"name":"\u00dcber uns"}]},{"@type":"WebSite","@id":"https:\/\/www.ateliers-rhone.ch\/#website","url":"https:\/\/www.ateliers-rhone.ch\/","name":"Ateliers du Rh\u00f4ne","description":"","potentialAction":[{"@type":"SearchAction","target":{"@type":"EntryPoint","urlTemplate":"https:\/\/www.ateliers-rhone.ch\/?s={search_term_string}"},"query-input":"required name=search_term_string"}],"inLanguage":"de"}]}},"_links":{"self":[{"href":"https:\/\/www.ateliers-rhone.ch\/de\/wp-json\/wp\/v2\/pages\/3259"}],"collection":[{"href":"https:\/\/www.ateliers-rhone.ch\/de\/wp-json\/wp\/v2\/pages"}],"about":[{"href":"https:\/\/www.ateliers-rhone.ch\/de\/wp-json\/wp\/v2\/types\/page"}],"author":[{"embeddable":true,"href":"https:\/\/www.ateliers-rhone.ch\/de\/wp-json\/wp\/v2\/users\/1"}],"replies":[{"embeddable":true,"href":"https:\/\/www.ateliers-rhone.ch\/de\/wp-json\/wp\/v2\/comments?post=3259"}],"version-history":[{"count":9,"href":"https:\/\/www.ateliers-rhone.ch\/de\/wp-json\/wp\/v2\/pages\/3259\/revisions"}],"predecessor-version":[{"id":4076,"href":"https:\/\/www.ateliers-rhone.ch\/de\/wp-json\/wp\/v2\/pages\/3259\/revisions\/4076"}],"wp:attachment":[{"href":"https:\/\/www.ateliers-rhone.ch\/de\/wp-json\/wp\/v2\/media?parent=3259"}],"curies":[{"name":"wp","href":"https:\/\/api.w.org\/{rel}","templated":true}]}}